{"id":6932,"date":"2015-12-15T07:37:33","date_gmt":"2015-12-15T07:37:33","guid":{"rendered":"http:\/\/consulting.stylemixthemes.com\/demo\/?page_id=9"},"modified":"2024-01-09T16:08:05","modified_gmt":"2024-01-09T12:08:05","slug":"biz-kimik","status":"publish","type":"page","link":"https:\/\/beylimedia.com\/index.php\/biz-kimik\/","title":{"rendered":"Biz kimik"},"content":{"rendered":"<div class=\"wpb-content-wrapper\"><p>[vc_row][vc_column][vc_column_text]Yay\u0131m, PR v\u0259 Media \u0130stehsalat Agentliyi olan Beylimedia \u015firk\u0259ti 2015-ci ild\u0259 Moskvada f\u0259aliyy\u0259t\u0259 ba\u015flay\u0131b. Haz\u0131rda Rusiya, T\u00fcrkiy\u0259, Az\u0259rbaycan, Qazax\u0131stan v\u0259 \u00d6zb\u0259kistan ofisl\u0259rind\u0259 \u00e7al\u0131\u015fan b\u00f6y\u00fck media komandas\u0131 il\u0259 bir \u00e7ox u\u011furlu layih\u0259l\u0259r\u0259 imza ataraq, \u00f6z\u0259l \u015firk\u0259tl\u0259rin, h\u0259m\u00e7inin d\u00f6vl\u0259t qurumlar\u0131n\u0131n Qlobal Media T\u0259r\u0259fda\u015f\u0131 olma\u011fa davam edir. Az\u0259rbaycan ba\u015fda olmaqla 54 f\u0259rqli \u00f6lk\u0259d\u0259 PR v\u0259 TV yay\u0131m ed\u0259 bil\u0259n Beylimedia \u015firk\u0259ti, yay\u0131mlad\u0131\u011f\u0131 reklam m\u0259hsullar\u0131na kreativ v\u0259 viral \u00e7\u0259kili\u015fl\u0259r ed\u0259r\u0259k \u015firk\u0259tl\u0259rin daha \u00e7ox m\u00fc\u015ft\u0259ri qazanmas\u0131na v\u0259 sat\u0131\u015flar\u0131n\u0131n artmas\u0131na k\u00f6m\u0259k edir. \u015eirk\u0259timiz operativ xidm\u0259t v\u0259 f\u0259rdi yana\u015fma prinsipi il\u0259 partnyor \u015firk\u0259tl\u0259rin tez bir zamanda \u00f6z m\u0259qs\u0259dl\u0259rin\u0259 \u00e7atmas\u0131na d\u0259st\u0259k olur. \u00d6z kateqoriyas\u0131nda pe\u015f\u0259kar olan komandam\u0131z, g\u00f6rd\u00fcy\u00fc i\u015fl\u0259rl\u0259 partnyor \u015firk\u0259tl\u0259rin media h\u0259ll\u0259rini s\u00fcr\u0259tli v\u0259 yarad\u0131c\u0131 \u015f\u0259kild\u0259 t\u0259min edir.[\/vc_column_text][\/vc_column][\/vc_row]<\/p>\n<\/div>","protected":false},"excerpt":{"rendered":"<p>[vc_row][vc_column][vc_column_text]Yay\u0131m, PR v\u0259 Media \u0130stehsalat Agentliyi olan Beylimedia \u015firk\u0259ti 2015-ci ild\u0259 Moskvada f\u0259aliyy\u0259t\u0259 ba\u015flay\u0131b. Haz\u0131rda Rusiya, T\u00fcrkiy\u0259, Az\u0259rbaycan, Qazax\u0131stan v\u0259 \u00d6zb\u0259kistan ofisl\u0259rind\u0259 \u00e7al\u0131\u015fan b\u00f6y\u00fck media komandas\u0131 il\u0259 bir \u00e7ox u\u011furlu layih\u0259l\u0259r\u0259 imza ataraq, \u00f6z\u0259l \u015firk\u0259tl\u0259rin, h\u0259m\u00e7inin d\u00f6vl\u0259t qurumlar\u0131n\u0131n Qlobal Media T\u0259r\u0259fda\u015f\u0131 olma\u011fa davam edir. Az\u0259rbaycan ba\u015fda olmaqla 54 f\u0259rqli \u00f6lk\u0259d\u0259 PR v\u0259 TV yay\u0131m ed\u0259<\/p>\n","protected":false},"author":1,"featured_media":0,"parent":0,"menu_order":0,"comment_status":"closed","ping_status":"closed","template":"","meta":{"footnotes":""},"class_list":["post-6932","page","type-page","status-publish","hentry"],"aioseo_notices":[],"_links":{"self":[{"href":"https:\/\/beylimedia.com\/index.php\/wp-json\/wp\/v2\/pages\/6932","targetHints":{"allow":["GET"]}}],"collection":[{"href":"https:\/\/beylimedia.com\/index.php\/wp-json\/wp\/v2\/pages"}],"about":[{"href":"https:\/\/beylimedia.com\/index.php\/wp-json\/wp\/v2\/types\/page"}],"author":[{"embeddable":true,"href":"https:\/\/beylimedia.com\/index.php\/wp-json\/wp\/v2\/users\/1"}],"replies":[{"embeddable":true,"href":"https:\/\/beylimedia.com\/index.php\/wp-json\/wp\/v2\/comments?post=6932"}],"version-history":[{"count":9,"href":"https:\/\/beylimedia.com\/index.php\/wp-json\/wp\/v2\/pages\/6932\/revisions"}],"predecessor-version":[{"id":7315,"href":"https:\/\/beylimedia.com\/index.php\/wp-json\/wp\/v2\/pages\/6932\/revisions\/7315"}],"wp:attachment":[{"href":"https:\/\/beylimedia.com\/index.php\/wp-json\/wp\/v2\/media?parent=6932"}],"curies":[{"name":"wp","href":"https:\/\/api.w.org\/{rel}","templated":true}]}}